{"id":26,"date":"2016-09-07T19:13:00","date_gmt":"2016-09-07T17:13:00","guid":{"rendered":"http:\/\/www.martindegroot.nl\/?page_id=26"},"modified":"2016-09-07T19:13:08","modified_gmt":"2016-09-07T17:13:08","slug":"webdesign-productie","status":"publish","type":"page","link":"https:\/\/www.martindegroot.nl\/?page_id=26","title":{"rendered":"Webdesign &#038; -productie"},"content":{"rendered":"<p>&nbsp;<\/p>\n<p>Webdesign is meer dan mensen vaak denken. Een website moet op maat gemaakt worden en \u00e9\u00e9n geheel zijn, waarbij lay-out, design, huisstijl en het onderhoudssysteem naadloos met elkaar ge\u00efntegreerd worden. Ze vormen een gebruiksvriendelijke interface dat de sfeer, de ambitie en de professionaliteit uitstraalt waar uw onderneming naar streeft. Onze vormgeving is vooruitstrevend, maar altijd in harmonie met \u00faw communicatiestrategie.<\/p>\n<p>Een professionele website is echter meer dan een goed design alleen. Uw ontwerp moet aan alle technische eisen voldoen, die zo belangrijk zijn voor de compatibiliteit. Martin de Groot ICT is een internetbureau dat uniek vormgegeven ontwerpen realiseert die aan al deze eisen voldoen. Indien gewenst zorgen wij er voor dat uw website gemakkelijk zelfstandig up-to-date gehouden kan worden en dat deze geoptimaliseerd is voor zoekmachines.<\/p>\n<p>&nbsp;<\/p>\n<p>Voor het opzetten en onderhouden van een website wordt wereldwijd veel gebruik gemaakt van het Content Management Programma (CMS)&nbsp; Joomla. Dit pakket installeren wij vrij een voudig voor u maar&nbsp;voor het maken van een goed ontwerp komt meer kijken. Wij hebben hier de tools voor en veel&nbsp;ervaring. Ook kunnen wij u helpen bij het inrichten van de website, het opzetten van de pagina&#8217;s en&nbsp;als dat nodig mocht blijken later ook bij het onderhouden van de pagina&#8217;s.&nbsp;<\/p>\n<p>&nbsp;<\/p>\n<p>&nbsp;<\/p>\n","protected":false},"excerpt":{"rendered":"<p>&nbsp; Webdesign is meer dan mensen vaak denken. Een website moet op maat gemaakt worden en \u00e9\u00e9n geheel zijn, waarbij lay-out, design, huisstijl en het onderhoudssysteem naadloos met elkaar ge\u00efntegreerd worden. Ze vormen een gebruiksvriendelijke interface dat de sfeer, de ambitie en de professionaliteit uitstraalt waar uw onderneming naar streeft. Onze vormgeving is vooruitstrevend, maar [&hellip;]<\/p>\n","protected":false},"author":1,"featured_media":0,"parent":0,"menu_order":5,"comment_status":"closed","ping_status":"open","template":"","meta":{"footnotes":""},"class_list":["post-26","page","type-page","status-publish","hentry"],"yoast_head":"<!-- This site is optimized with the Yoast SEO plugin v27.6 - https:\/\/yoast.com\/product\/yoast-seo-wordpress\/ -->\n<title>Webdesign &amp; -productie - CoBITS-MartinDeGroot ICT<\/title>\n<meta name=\"robots\" content=\"index, follow, max-snippet:-1, max-image-preview:large, max-video-preview:-1\" \/>\n<link rel=\"canonical\" href=\"https:\/\/www.martindegroot.nl\/?page_id=26\" \/>\n<meta property=\"og:locale\" content=\"nl_NL\" \/>\n<meta property=\"og:type\" content=\"article\" \/>\n<meta property=\"og:title\" content=\"Webdesign &amp; -productie - CoBITS-MartinDeGroot ICT\" \/>\n<meta property=\"og:description\" content=\"&nbsp; Webdesign is meer dan mensen vaak denken. Een website moet op maat gemaakt worden en \u00e9\u00e9n geheel zijn, waarbij lay-out, design, huisstijl en het onderhoudssysteem naadloos met elkaar ge\u00efntegreerd worden. Ze vormen een gebruiksvriendelijke interface dat de sfeer, de ambitie en de professionaliteit uitstraalt waar uw onderneming naar streeft. Onze vormgeving is vooruitstrevend, maar [&hellip;]\" \/>\n<meta property=\"og:url\" content=\"https:\/\/www.martindegroot.nl\/?page_id=26\" \/>\n<meta property=\"og:site_name\" content=\"CoBITS-MartinDeGroot ICT\" \/>\n<meta property=\"article:modified_time\" content=\"2016-09-07T17:13:08+00:00\" \/>\n<meta name=\"twitter:card\" content=\"summary_large_image\" \/>\n<meta name=\"twitter:label1\" content=\"Geschatte leestijd\" \/>\n\t<meta name=\"twitter:data1\" content=\"1 minuut\" \/>\n<script type=\"application\/ld+json\" class=\"yoast-schema-graph\">{\"@context\":\"https:\\\/\\\/schema.org\",\"@graph\":[{\"@type\":\"WebPage\",\"@id\":\"https:\\\/\\\/www.martindegroot.nl\\\/?page_id=26\",\"url\":\"https:\\\/\\\/www.martindegroot.nl\\\/?page_id=26\",\"name\":\"Webdesign & -productie - CoBITS-MartinDeGroot ICT\",\"isPartOf\":{\"@id\":\"https:\\\/\\\/www.martindegroot.nl\\\/#website\"},\"datePublished\":\"2016-09-07T17:13:00+00:00\",\"dateModified\":\"2016-09-07T17:13:08+00:00\",\"breadcrumb\":{\"@id\":\"https:\\\/\\\/www.martindegroot.nl\\\/?page_id=26#breadcrumb\"},\"inLanguage\":\"nl-NL\",\"potentialAction\":[{\"@type\":\"ReadAction\",\"target\":[\"https:\\\/\\\/www.martindegroot.nl\\\/?page_id=26\"]}]},{\"@type\":\"BreadcrumbList\",\"@id\":\"https:\\\/\\\/www.martindegroot.nl\\\/?page_id=26#breadcrumb\",\"itemListElement\":[{\"@type\":\"ListItem\",\"position\":1,\"name\":\"Home\",\"item\":\"https:\\\/\\\/www.martindegroot.nl\\\/\"},{\"@type\":\"ListItem\",\"position\":2,\"name\":\"Webdesign &#038; -productie\"}]},{\"@type\":\"WebSite\",\"@id\":\"https:\\\/\\\/www.martindegroot.nl\\\/#website\",\"url\":\"https:\\\/\\\/www.martindegroot.nl\\\/\",\"name\":\"CoBITS-MartinDeGroot ICT\",\"description\":\"Internet Diensten - Computerservice - Domeinregistratie\",\"potentialAction\":[{\"@type\":\"SearchAction\",\"target\":{\"@type\":\"EntryPoint\",\"urlTemplate\":\"https:\\\/\\\/www.martindegroot.nl\\\/?s={search_term_string}\"},\"query-input\":{\"@type\":\"PropertyValueSpecification\",\"valueRequired\":true,\"valueName\":\"search_term_string\"}}],\"inLanguage\":\"nl-NL\"}]}<\/script>\n<!-- \/ Yoast SEO plugin. -->","yoast_head_json":{"title":"Webdesign & -productie - CoBITS-MartinDeGroot ICT","robots":{"index":"index","follow":"follow","max-snippet":"max-snippet:-1","max-image-preview":"max-image-preview:large","max-video-preview":"max-video-preview:-1"},"canonical":"https:\/\/www.martindegroot.nl\/?page_id=26","og_locale":"nl_NL","og_type":"article","og_title":"Webdesign & -productie - CoBITS-MartinDeGroot ICT","og_description":"&nbsp; Webdesign is meer dan mensen vaak denken. Een website moet op maat gemaakt worden en \u00e9\u00e9n geheel zijn, waarbij lay-out, design, huisstijl en het onderhoudssysteem naadloos met elkaar ge\u00efntegreerd worden. Ze vormen een gebruiksvriendelijke interface dat de sfeer, de ambitie en de professionaliteit uitstraalt waar uw onderneming naar streeft. Onze vormgeving is vooruitstrevend, maar [&hellip;]","og_url":"https:\/\/www.martindegroot.nl\/?page_id=26","og_site_name":"CoBITS-MartinDeGroot ICT","article_modified_time":"2016-09-07T17:13:08+00:00","twitter_card":"summary_large_image","twitter_misc":{"Geschatte leestijd":"1 minuut"},"schema":{"@context":"https:\/\/schema.org","@graph":[{"@type":"WebPage","@id":"https:\/\/www.martindegroot.nl\/?page_id=26","url":"https:\/\/www.martindegroot.nl\/?page_id=26","name":"Webdesign & -productie - CoBITS-MartinDeGroot ICT","isPartOf":{"@id":"https:\/\/www.martindegroot.nl\/#website"},"datePublished":"2016-09-07T17:13:00+00:00","dateModified":"2016-09-07T17:13:08+00:00","breadcrumb":{"@id":"https:\/\/www.martindegroot.nl\/?page_id=26#breadcrumb"},"inLanguage":"nl-NL","potentialAction":[{"@type":"ReadAction","target":["https:\/\/www.martindegroot.nl\/?page_id=26"]}]},{"@type":"BreadcrumbList","@id":"https:\/\/www.martindegroot.nl\/?page_id=26#breadcrumb","itemListElement":[{"@type":"ListItem","position":1,"name":"Home","item":"https:\/\/www.martindegroot.nl\/"},{"@type":"ListItem","position":2,"name":"Webdesign &#038; -productie"}]},{"@type":"WebSite","@id":"https:\/\/www.martindegroot.nl\/#website","url":"https:\/\/www.martindegroot.nl\/","name":"CoBITS-MartinDeGroot ICT","description":"Internet Diensten - Computerservice - Domeinregistratie","potentialAction":[{"@type":"SearchAction","target":{"@type":"EntryPoint","urlTemplate":"https:\/\/www.martindegroot.nl\/?s={search_term_string}"},"query-input":{"@type":"PropertyValueSpecification","valueRequired":true,"valueName":"search_term_string"}}],"inLanguage":"nl-NL"}]}},"_links":{"self":[{"href":"https:\/\/www.martindegroot.nl\/index.php?rest_route=\/wp\/v2\/pages\/26","targetHints":{"allow":["GET"]}}],"collection":[{"href":"https:\/\/www.martindegroot.nl\/index.php?rest_route=\/wp\/v2\/pages"}],"about":[{"href":"https:\/\/www.martindegroot.nl\/index.php?rest_route=\/wp\/v2\/types\/page"}],"author":[{"embeddable":true,"href":"https:\/\/www.martindegroot.nl\/index.php?rest_route=\/wp\/v2\/users\/1"}],"replies":[{"embeddable":true,"href":"https:\/\/www.martindegroot.nl\/index.php?rest_route=%2Fwp%2Fv2%2Fcomments&post=26"}],"version-history":[{"count":1,"href":"https:\/\/www.martindegroot.nl\/index.php?rest_route=\/wp\/v2\/pages\/26\/revisions"}],"predecessor-version":[{"id":27,"href":"https:\/\/www.martindegroot.nl\/index.php?rest_route=\/wp\/v2\/pages\/26\/revisions\/27"}],"wp:attachment":[{"href":"https:\/\/www.martindegroot.nl\/index.php?rest_route=%2Fwp%2Fv2%2Fmedia&parent=26"}],"curies":[{"name":"wp","href":"https:\/\/api.w.org\/{rel}","templated":true}]}}